{"id":4378,"date":"2022-06-28T14:08:12","date_gmt":"2022-06-28T21:08:12","guid":{"rendered":"https:\/\/inquirefirst.org\/montanasyselva\/proyectos\/huellas-del-petroleo\/?p=4378"},"modified":"2022-07-18T16:40:59","modified_gmt":"2022-07-18T23:40:59","slug":"traces-of-oil","status":"publish","type":"page","link":"https:\/\/inquirefirst.org\/montanasyselva\/proyectos\/traces-of-oil\/en\/","title":{"rendered":"Traces of Oil"},"content":{"rendered":"<div class=\"gb-container gb-container-629d725f alignfull\"><div class=\"gb-inside-container\">\n\n<div class=\"trigger-title\"><\/div>\n<div class=\"wrapper-title\">\n\n    <div class=\"bg\"><\/div>\n    <div class=\"fg\"><\/div>\n\n   \n\n    <div class=\"text\">\n        <h1>Traces of Oil<br>in the Peruvian Amazon<\/h1>\n        <p>In the 1970s, an oil strike in Peru\u2019s northeastern Loreto region was heralded as the path to development. Half a century later, communities in the area, most of them Indigenous, lack safe drinking water, health care and decent schools, and are left with a legacy of pollution. The question now: Can Loreto plan for a future beyond petroleum?<\/p>\n\n        <!--BYLINE-->\n        <div class=\"landing-byline-container\">\n\n\n            <p>By <span class=\"fraser-tooltip\">Barbara Fraser<\/span>, <span class=\"marilez-tooltip\">Marilez Tello<\/span>\n                and <span class=\"leonardo-tooltip\">Leonardo Tello<\/span><\/p>\n\n        <\/div>\n        <!--END BYLINE-->\n\n        <p class=\"pub-date\">Published on July 18, 2022<\/p>\n\n\n     <!--SHARE ICONS-->\n        <div id=\"share-wrapper-icons\">\n\n\n            <div class=\"container fb\">\n                <a\n                    href=\"https:\/\/www.facebook.com\/sharer\/sharer.php?u=https:\/\/inquirefirst.org\/montanasyselva\/proyectos\/traces-of-oil\/en\/a-legacy-of-broken-promises\/\"><span><i\n                            class=\"fab fa-facebook-f fa-lg\"><\/i><\/span><\/a>\n\n            <\/div>\n            <div class=\"container tw\">\n                <a\n                    href=\"https:\/\/twitter.com\/intent\/tweet?url=https:\/\/inquirefirst.org\/montanasyselva\/proyectos\/traces-of-oil\/en\/a-legacy-of-broken-promises\/\"><span><i\n                            class=\"fab fa-twitter fa-lg\"><\/i><\/span><\/a>\n            <\/div>\n\n        <\/div>\n        <!-- END SHARE ICONS-->\n\n\n    <\/div>\n\n    <!--arrow down-->\n    <a class=\"arrow bounce smooth-scroll\" href=\"#cards-scroll\"><i class=\"fa fa-angle-down fa-5x\" aria-hidden=\"true\"><\/i><\/a>\n    <!--END arrow down-->\n<\/div>\n<div class=\"landing-page-caption-fg\">\n    <figcaption>The oil industry has left a legacy of oil spills and deforestation in the Amazonian oil field known as\n        Block 192 in Peru\u2019s Loreto region. Photo: Thomas M\u00fcller<\/figcaption>\n<\/div>\n\n<div class=\"landing-page-caption-bg\">\n    <figcaption>C\u00e9sar Mozombite of the mainly Kukama community of Cuninico, on the lower Mara\u00f1\u00f3n River, says oil spills\n        have brought economic hardship to the affected communities. Photo: Ginebra Pe\u00f1a\n    <\/figcaption>\n\n<\/div>\n\n\n\n\n<!--STORIES CARDS-->\n<div class=\"landing-page-container\" id=\"cards-scroll\">\n\n    <div class=\"card\">\n        <a href=\"https:\/\/inquirefirst.org\/montanasyselva\/proyectos\/traces-of-oil\/a-legacy-of-broken-promises\/\">\n            <div class=\"item\" style=\"background-image: url('https:\/\/inquirefirst.org\/montanasyselva\/proyectos\/traces-of-oil\/wp-content\/uploads\/card-2.jpg')\">\n            <div class=\"title\">\n                    <h4>A legacy of<br>broken promises<\/h4>\n                    <button>Continue<\/button>\n                <\/div>\n            <\/div>\n        <\/a>\n    <\/div>\n\n    <div class=\"card\">\n        <a href=\"https:\/\/inquirefirst.org\/montanasyselva\/proyectos\/traces-of-oil\/a-cascade-of-consequences\/\">\n            <div class=\"item\" style=\"background-image: url('https:\/\/inquirefirst.org\/montanasyselva\/proyectos\/traces-of-oil\/wp-content\/uploads\/card-1.jpg')\">\n\n                <div class=\"title\">\n                    <h4>A cascade of<br>consequences<\/h4>\n                    <button>Continue<\/button>\n                <\/div>\n            <\/div>\n        <\/a>\n    <\/div>\n\n    <div class=\"card\">\n        <a href=\"https:\/\/inquirefirst.org\/montanasyselva\/proyectos\/traces-of-oil\/can-loreto-plan-for-a-future-without-oil\/\">\n            <div class=\"item\" style=\"background-image: url('https:\/\/inquirefirst.org\/montanasyselva\/proyectos\/traces-of-oil\/wp-content\/uploads\/card-3.jpg')\">\n                <div class=\"title\">\n                    <h4>Can Loreto plan for a future without oil?<\/h4>\n                    <button>Continue<\/button>\n                <\/div>\n            <\/div>\n        <\/a>\n    <\/div>\n\n<\/div>\n<!--END STORIES CARDS-->\n\n<\/div><\/div>","protected":false},"excerpt":{"rendered":"<p>Traces of Oilin the Peruvian Amazon In the 1970s, an oil strike in Peru\u2019s northeastern Loreto region was heralded as the path to development. Half a century later, communities in the area, most of them Indigenous, lack safe drinking water, health care and decent schools, and are left with a legacy of pollution. The question &#8230; <a title=\"Traces of Oil\" class=\"read-more\" href=\"https:\/\/inquirefirst.org\/montanasyselva\/proyectos\/traces-of-oil\/en\/\" aria-label=\"Read more about Traces of Oil\">Read more<\/a><\/p>\n","protected":false},"author":1,"featured_media":0,"parent":0,"menu_order":0,"comment_status":"closed","ping_status":"closed","template":"","meta":{"footnotes":""},"class_list":["post-4378","page","type-page","status-publish"],"yoast_head":"<!-- This site is optimized with the Yoast SEO plugin v27.3 - https:\/\/yoast.com\/product\/yoast-seo-wordpress\/ -->\n<title>Traces of Oil - Traces of oil in the peruvian amazon<\/title>\n<meta name=\"robots\" content=\"index, follow, max-snippet:-1, max-image-preview:large, max-video-preview:-1\" \/>\n<link rel=\"canonical\" href=\"https:\/\/inquirefirst.org\/montanasyselva\/proyectos\/traces-of-oil\/en\/\" \/>\n<meta property=\"og:locale\" content=\"en_US\" \/>\n<meta property=\"og:type\" content=\"article\" \/>\n<meta property=\"og:title\" content=\"Traces of Oil in the Peruvian Amazon\" \/>\n<meta property=\"og:description\" content=\"In the 1970s, an oil strike in Peru\u2019s northeastern Loreto region was heralded as the path to development. Half a century later, communities in the area, most of them Indigenous, lack safe drinking water, health care and decent schools, and are left with a legacy of pollution. The question now: Can Loreto plan for a future beyond petroleum?\" \/>\n<meta property=\"og:url\" content=\"https:\/\/inquirefirst.org\/montanasyselva\/proyectos\/traces-of-oil\/en\/\" \/>\n<meta property=\"og:site_name\" content=\"Traces of oil in the peruvian amazon\" \/>\n<meta property=\"article:modified_time\" content=\"2022-07-18T23:40:59+00:00\" \/>\n<meta property=\"og:image\" content=\"https:\/\/inquirefirst.org\/montanasyselva\/proyectos\/traces-of-oil\/wp-content\/uploads\/Stream-of-oil-flowing-into-Tigre-river-1995.jpg\" \/>\n\t<meta property=\"og:image:width\" content=\"1500\" \/>\n\t<meta property=\"og:image:height\" content=\"900\" \/>\n\t<meta property=\"og:image:type\" content=\"image\/jpeg\" \/>\n<meta name=\"twitter:card\" content=\"summary_large_image\" \/>\n<meta name=\"twitter:title\" content=\"Traces of Oil in the Peruvian Amazon\" \/>\n<meta name=\"twitter:description\" content=\"In the 1970s, an oil strike in Peru\u2019s northeastern Loreto region was heralded as the path to development. Half a century later, communities in the area, most of them Indigenous, lack safe drinking water, health care and decent schools, and are left with a legacy of pollution. The question now: Can Loreto plan for a future beyond petroleum?\" \/>\n<meta name=\"twitter:image\" content=\"https:\/\/inquirefirst.org\/montanasyselva\/proyectos\/traces-of-oil\/wp-content\/uploads\/Stream-of-oil-flowing-into-Tigre-river-1995.jpg\" \/>\n<meta name=\"twitter:label1\" content=\"Est. reading time\" \/>\n\t<meta name=\"twitter:data1\" content=\"1 minute\" \/>\n<script type=\"application\/ld+json\" class=\"yoast-schema-graph\">{\"@context\":\"https:\\\/\\\/schema.org\",\"@graph\":[{\"@type\":\"WebPage\",\"@id\":\"https:\\\/\\\/inquirefirst.org\\\/montanasyselva\\\/proyectos\\\/traces-of-oil\\\/en\\\/\",\"url\":\"https:\\\/\\\/inquirefirst.org\\\/montanasyselva\\\/proyectos\\\/traces-of-oil\\\/en\\\/\",\"name\":\"Traces of Oil - Traces of oil in the peruvian amazon\",\"isPartOf\":{\"@id\":\"https:\\\/\\\/inquirefirst.org\\\/montanasyselva\\\/proyectos\\\/traces-of-oil\\\/#website\"},\"datePublished\":\"2022-06-28T21:08:12+00:00\",\"dateModified\":\"2022-07-18T23:40:59+00:00\",\"breadcrumb\":{\"@id\":\"https:\\\/\\\/inquirefirst.org\\\/montanasyselva\\\/proyectos\\\/traces-of-oil\\\/en\\\/#breadcrumb\"},\"inLanguage\":\"en-US\",\"potentialAction\":[{\"@type\":\"ReadAction\",\"target\":[\"https:\\\/\\\/inquirefirst.org\\\/montanasyselva\\\/proyectos\\\/traces-of-oil\\\/en\\\/\"]}]},{\"@type\":\"BreadcrumbList\",\"@id\":\"https:\\\/\\\/inquirefirst.org\\\/montanasyselva\\\/proyectos\\\/traces-of-oil\\\/en\\\/#breadcrumb\",\"itemListElement\":[{\"@type\":\"ListItem\",\"position\":1,\"name\":\"Traces of Oil\",\"item\":\"https:\\\/\\\/inquirefirst.org\\\/montanasyselva\\\/proyectos\\\/traces-of-oil\\\/en\\\/\"},{\"@type\":\"ListItem\",\"position\":2,\"name\":\"Traces of Oil\"}]},{\"@type\":\"WebSite\",\"@id\":\"https:\\\/\\\/inquirefirst.org\\\/montanasyselva\\\/proyectos\\\/traces-of-oil\\\/#website\",\"url\":\"https:\\\/\\\/inquirefirst.org\\\/montanasyselva\\\/proyectos\\\/traces-of-oil\\\/\",\"name\":\"Traces of oil in the peruvian amazon\",\"description\":\"\",\"publisher\":{\"@id\":\"https:\\\/\\\/inquirefirst.org\\\/montanasyselva\\\/proyectos\\\/traces-of-oil\\\/#organization\"},\"potentialAction\":[{\"@type\":\"SearchAction\",\"target\":{\"@type\":\"EntryPoint\",\"urlTemplate\":\"https:\\\/\\\/inquirefirst.org\\\/montanasyselva\\\/proyectos\\\/traces-of-oil\\\/?s={search_term_string}\"},\"query-input\":{\"@type\":\"PropertyValueSpecification\",\"valueRequired\":true,\"valueName\":\"search_term_string\"}}],\"inLanguage\":\"en-US\"},{\"@type\":\"Organization\",\"@id\":\"https:\\\/\\\/inquirefirst.org\\\/montanasyselva\\\/proyectos\\\/traces-of-oil\\\/#organization\",\"name\":\"Traces of oil in the peruvian amazon\",\"url\":\"https:\\\/\\\/inquirefirst.org\\\/montanasyselva\\\/proyectos\\\/traces-of-oil\\\/\",\"logo\":{\"@type\":\"ImageObject\",\"inLanguage\":\"en-US\",\"@id\":\"https:\\\/\\\/inquirefirst.org\\\/montanasyselva\\\/proyectos\\\/traces-of-oil\\\/#\\\/schema\\\/logo\\\/image\\\/\",\"url\":\"https:\\\/\\\/inquirefirst.org\\\/montanasyselva\\\/proyectos\\\/traces-of-oil\\\/wp-content\\\/uploads\\\/Montanas-y-Selva-tagline.png\",\"contentUrl\":\"https:\\\/\\\/inquirefirst.org\\\/montanasyselva\\\/proyectos\\\/traces-of-oil\\\/wp-content\\\/uploads\\\/Montanas-y-Selva-tagline.png\",\"width\":900,\"height\":302,\"caption\":\"Traces of oil in the peruvian amazon\"},\"image\":{\"@id\":\"https:\\\/\\\/inquirefirst.org\\\/montanasyselva\\\/proyectos\\\/traces-of-oil\\\/#\\\/schema\\\/logo\\\/image\\\/\"}}]}<\/script>\n<!-- \/ Yoast SEO plugin. -->","yoast_head_json":{"title":"Traces of Oil - Traces of oil in the peruvian amazon","robots":{"index":"index","follow":"follow","max-snippet":"max-snippet:-1","max-image-preview":"max-image-preview:large","max-video-preview":"max-video-preview:-1"},"canonical":"https:\/\/inquirefirst.org\/montanasyselva\/proyectos\/traces-of-oil\/en\/","og_locale":"en_US","og_type":"article","og_title":"Traces of Oil in the Peruvian Amazon","og_description":"In the 1970s, an oil strike in Peru\u2019s northeastern Loreto region was heralded as the path to development. Half a century later, communities in the area, most of them Indigenous, lack safe drinking water, health care and decent schools, and are left with a legacy of pollution. The question now: Can Loreto plan for a future beyond petroleum?","og_url":"https:\/\/inquirefirst.org\/montanasyselva\/proyectos\/traces-of-oil\/en\/","og_site_name":"Traces of oil in the peruvian amazon","article_modified_time":"2022-07-18T23:40:59+00:00","og_image":[{"width":1500,"height":900,"url":"https:\/\/inquirefirst.org\/montanasyselva\/proyectos\/traces-of-oil\/wp-content\/uploads\/Stream-of-oil-flowing-into-Tigre-river-1995.jpg","type":"image\/jpeg"}],"twitter_card":"summary_large_image","twitter_title":"Traces of Oil in the Peruvian Amazon","twitter_description":"In the 1970s, an oil strike in Peru\u2019s northeastern Loreto region was heralded as the path to development. Half a century later, communities in the area, most of them Indigenous, lack safe drinking water, health care and decent schools, and are left with a legacy of pollution. The question now: Can Loreto plan for a future beyond petroleum?","twitter_image":"https:\/\/inquirefirst.org\/montanasyselva\/proyectos\/traces-of-oil\/wp-content\/uploads\/Stream-of-oil-flowing-into-Tigre-river-1995.jpg","twitter_misc":{"Est. reading time":"1 minute"},"schema":{"@context":"https:\/\/schema.org","@graph":[{"@type":"WebPage","@id":"https:\/\/inquirefirst.org\/montanasyselva\/proyectos\/traces-of-oil\/en\/","url":"https:\/\/inquirefirst.org\/montanasyselva\/proyectos\/traces-of-oil\/en\/","name":"Traces of Oil - Traces of oil in the peruvian amazon","isPartOf":{"@id":"https:\/\/inquirefirst.org\/montanasyselva\/proyectos\/traces-of-oil\/#website"},"datePublished":"2022-06-28T21:08:12+00:00","dateModified":"2022-07-18T23:40:59+00:00","breadcrumb":{"@id":"https:\/\/inquirefirst.org\/montanasyselva\/proyectos\/traces-of-oil\/en\/#breadcrumb"},"inLanguage":"en-US","potentialAction":[{"@type":"ReadAction","target":["https:\/\/inquirefirst.org\/montanasyselva\/proyectos\/traces-of-oil\/en\/"]}]},{"@type":"BreadcrumbList","@id":"https:\/\/inquirefirst.org\/montanasyselva\/proyectos\/traces-of-oil\/en\/#breadcrumb","itemListElement":[{"@type":"ListItem","position":1,"name":"Traces of Oil","item":"https:\/\/inquirefirst.org\/montanasyselva\/proyectos\/traces-of-oil\/en\/"},{"@type":"ListItem","position":2,"name":"Traces of Oil"}]},{"@type":"WebSite","@id":"https:\/\/inquirefirst.org\/montanasyselva\/proyectos\/traces-of-oil\/#website","url":"https:\/\/inquirefirst.org\/montanasyselva\/proyectos\/traces-of-oil\/","name":"Traces of oil in the peruvian amazon","description":"","publisher":{"@id":"https:\/\/inquirefirst.org\/montanasyselva\/proyectos\/traces-of-oil\/#organization"},"potentialAction":[{"@type":"SearchAction","target":{"@type":"EntryPoint","urlTemplate":"https:\/\/inquirefirst.org\/montanasyselva\/proyectos\/traces-of-oil\/?s={search_term_string}"},"query-input":{"@type":"PropertyValueSpecification","valueRequired":true,"valueName":"search_term_string"}}],"inLanguage":"en-US"},{"@type":"Organization","@id":"https:\/\/inquirefirst.org\/montanasyselva\/proyectos\/traces-of-oil\/#organization","name":"Traces of oil in the peruvian amazon","url":"https:\/\/inquirefirst.org\/montanasyselva\/proyectos\/traces-of-oil\/","logo":{"@type":"ImageObject","inLanguage":"en-US","@id":"https:\/\/inquirefirst.org\/montanasyselva\/proyectos\/traces-of-oil\/#\/schema\/logo\/image\/","url":"https:\/\/inquirefirst.org\/montanasyselva\/proyectos\/traces-of-oil\/wp-content\/uploads\/Montanas-y-Selva-tagline.png","contentUrl":"https:\/\/inquirefirst.org\/montanasyselva\/proyectos\/traces-of-oil\/wp-content\/uploads\/Montanas-y-Selva-tagline.png","width":900,"height":302,"caption":"Traces of oil in the peruvian amazon"},"image":{"@id":"https:\/\/inquirefirst.org\/montanasyselva\/proyectos\/traces-of-oil\/#\/schema\/logo\/image\/"}}]}},"_links":{"self":[{"href":"https:\/\/inquirefirst.org\/montanasyselva\/proyectos\/traces-of-oil\/wp-json\/wp\/v2\/pages\/4378","targetHints":{"allow":["GET"]}}],"collection":[{"href":"https:\/\/inquirefirst.org\/montanasyselva\/proyectos\/traces-of-oil\/wp-json\/wp\/v2\/pages"}],"about":[{"href":"https:\/\/inquirefirst.org\/montanasyselva\/proyectos\/traces-of-oil\/wp-json\/wp\/v2\/types\/page"}],"author":[{"embeddable":true,"href":"https:\/\/inquirefirst.org\/montanasyselva\/proyectos\/traces-of-oil\/wp-json\/wp\/v2\/users\/1"}],"replies":[{"embeddable":true,"href":"https:\/\/inquirefirst.org\/montanasyselva\/proyectos\/traces-of-oil\/wp-json\/wp\/v2\/comments?post=4378"}],"version-history":[{"count":0,"href":"https:\/\/inquirefirst.org\/montanasyselva\/proyectos\/traces-of-oil\/wp-json\/wp\/v2\/pages\/4378\/revisions"}],"wp:attachment":[{"href":"https:\/\/inquirefirst.org\/montanasyselva\/proyectos\/traces-of-oil\/wp-json\/wp\/v2\/media?parent=4378"}],"curies":[{"name":"wp","href":"https:\/\/api.w.org\/{rel}","templated":true}]}}